{"id":81,"date":"2021-09-14T08:36:20","date_gmt":"2021-09-14T06:36:20","guid":{"rendered":"http:\/\/duchovneposolstva.sk\/?page_id=81"},"modified":"2021-09-18T11:42:48","modified_gmt":"2021-09-18T09:42:48","slug":"o-mne","status":"publish","type":"page","link":"https:\/\/duchovneposolstva.sk\/?page_id=81","title":{"rendered":"O mne"},"content":{"rendered":"<p>[et_pb_section fb_built=&#8220;1&#8243; admin_label=&#8220;Header&#8220; _builder_version=&#8220;4.4.3&#8243; background_color=&#8220;#fff9f6&#8243; global_colors_info=&#8220;{}&#8220;][et_pb_row _builder_version=&#8220;4.3.2&#8243; global_colors_info=&#8220;{}&#8220;][et_pb_column type=&#8220;4_4&#8243; _builder_version=&#8220;4.3.2&#8243; global_colors_info=&#8220;{}&#8220;][et_pb_text content_last_edited=&#8220;off|desktop&#8220; _builder_version=&#8220;4.10.7&#8243; text_font=&#8220;Allan||||||||&#8220; header_font=&#8220;Alegreya|700||on|||||&#8220; header_text_align=&#8220;center&#8220; header_font_size=&#8220;55px&#8220; header_2_font_size=&#8220;96px&#8220; header_3_font_size=&#8220;96px&#8220; header_4_font_size=&#8220;96px&#8220; header_5_font_size=&#8220;96px&#8220; header_6_font_size=&#8220;96px&#8220; text_font_tablet=&#8220;&#8220; text_font_phone=&#8220;&#8220; text_font_last_edited=&#8220;on|desktop&#8220; text_text_color_tablet=&#8220;&#8220; text_text_color_phone=&#8220;&#8220; text_text_color_last_edited=&#8220;on|desktop&#8220; text_font_size_tablet=&#8220;&#8220; text_font_size_phone=&#8220;&#8220; text_font_size_last_edited=&#8220;on|desktop&#8220; text_letter_spacing_tablet=&#8220;&#8220; text_letter_spacing_phone=&#8220;&#8220; text_letter_spacing_last_edited=&#8220;on|desktop&#8220; text_line_height_tablet=&#8220;&#8220; text_line_height_phone=&#8220;&#8220; text_line_height_last_edited=&#8220;on|desktop&#8220; header_font_tablet=&#8220;&#8220; header_font_phone=&#8220;&#8220; header_font_last_edited=&#8220;on|desktop&#8220; header_text_align_tablet=&#8220;&#8220; header_text_align_phone=&#8220;&#8220; header_text_align_last_edited=&#8220;on|desktop&#8220; header_text_color_tablet=&#8220;&#8220; header_text_color_phone=&#8220;&#8220; header_text_color_last_edited=&#8220;on|desktop&#8220; header_font_size_tablet=&#8220;56px&#8220; header_font_size_phone=&#8220;33px&#8220; header_font_size_last_edited=&#8220;on|phone&#8220; header_letter_spacing_tablet=&#8220;&#8220; header_letter_spacing_phone=&#8220;&#8220; header_letter_spacing_last_edited=&#8220;on|desktop&#8220; header_line_height_tablet=&#8220;&#8220; header_line_height_phone=&#8220;&#8220; header_line_height_last_edited=&#8220;on|desktop&#8220; header_2_font_tablet=&#8220;&#8220; header_2_font_phone=&#8220;&#8220; header_2_font_last_edited=&#8220;on|phone&#8220; header_2_text_align_tablet=&#8220;&#8220; header_2_text_align_phone=&#8220;&#8220; header_2_text_align_last_edited=&#8220;on|phone&#8220; header_2_text_color_tablet=&#8220;&#8220; header_2_text_color_phone=&#8220;&#8220; header_2_text_color_last_edited=&#8220;on|phone&#8220; header_2_font_size_tablet=&#8220;56px&#8220; header_2_font_size_phone=&#8220;30px&#8220; header_2_font_size_last_edited=&#8220;off|phone&#8220; header_2_letter_spacing_tablet=&#8220;&#8220; header_2_letter_spacing_phone=&#8220;&#8220; header_2_letter_spacing_last_edited=&#8220;on|phone&#8220; header_2_line_height_tablet=&#8220;&#8220; header_2_line_height_phone=&#8220;&#8220; header_2_line_height_last_edited=&#8220;on|phone&#8220; header_3_font_tablet=&#8220;&#8220; header_3_font_phone=&#8220;&#8220; header_3_font_last_edited=&#8220;on|phone&#8220; header_3_text_align_tablet=&#8220;&#8220; header_3_text_align_phone=&#8220;&#8220; header_3_text_align_last_edited=&#8220;on|phone&#8220; header_3_text_color_tablet=&#8220;&#8220; header_3_text_color_phone=&#8220;&#8220; header_3_text_color_last_edited=&#8220;on|phone&#8220; header_3_font_size_tablet=&#8220;56px&#8220; header_3_font_size_phone=&#8220;30px&#8220; header_3_font_size_last_edited=&#8220;off|phone&#8220; header_3_letter_spacing_tablet=&#8220;&#8220; header_3_letter_spacing_phone=&#8220;&#8220; header_3_letter_spacing_last_edited=&#8220;on|phone&#8220; header_3_line_height_tablet=&#8220;&#8220; header_3_line_height_phone=&#8220;&#8220; header_3_line_height_last_edited=&#8220;on|phone&#8220; header_4_font_size_tablet=&#8220;56px&#8220; header_4_font_size_phone=&#8220;30px&#8220; header_4_font_size_last_edited=&#8220;on|phone&#8220; header_5_font_size_tablet=&#8220;56px&#8220; header_5_font_size_phone=&#8220;30px&#8220; header_5_font_size_last_edited=&#8220;on|phone&#8220; header_6_font_size_tablet=&#8220;56px&#8220; header_6_font_size_phone=&#8220;30px&#8220; header_6_font_size_last_edited=&#8220;on|phone&#8220; text_orientation_tablet=&#8220;&#8220; text_orientation_phone=&#8220;&#8220; text_orientation_last_edited=&#8220;on|desktop&#8220; background_layout_tablet=&#8220;&#8220; background_layout_phone=&#8220;&#8220; background_layout_last_edited=&#8220;on|desktop&#8220; global_colors_info=&#8220;{}&#8220;]<\/p>\n<h1><span style=\"color: #593500;\">Kto som?<\/span><\/h1>\n<p>[\/et_pb_text][\/et_pb_column][\/et_pb_row][et_pb_row column_structure=&#8220;3_5,2_5&#8243; _builder_version=&#8220;4.4.3&#8243; global_colors_info=&#8220;{}&#8220;][et_pb_column type=&#8220;3_5&#8243; _builder_version=&#8220;4.3.2&#8243; global_colors_info=&#8220;{}&#8220;][et_pb_text content_last_edited=&#8220;off|desktop&#8220; _builder_version=&#8220;4.10.7&#8243; text_text_color=&#8220;rgba(0,0,0,0.52)&#8220; text_font_size=&#8220;17px&#8220; text_line_height=&#8220;1.8em&#8220; header_2_font=&#8220;Rubik|700||on|||||&#8220; header_2_font_size=&#8220;48px&#8220; header_2_line_height=&#8220;1.2em&#8220; width_tablet=&#8220;&#8220; width_phone=&#8220;&#8220; width_last_edited=&#8220;on|desktop&#8220; max_width_tablet=&#8220;&#8220; max_width_phone=&#8220;&#8220; max_width_last_edited=&#8220;on|desktop&#8220; min_height_tablet=&#8220;&#8220; min_height_phone=&#8220;&#8220; min_height_last_edited=&#8220;on|desktop&#8220; height_tablet=&#8220;&#8220; height_phone=&#8220;&#8220; height_last_edited=&#8220;on|desktop&#8220; max_height_tablet=&#8220;&#8220; max_height_phone=&#8220;&#8220; max_height_last_edited=&#8220;on|desktop&#8220; text_font_tablet=&#8220;&#8220; text_font_phone=&#8220;&#8220; text_font_last_edited=&#8220;on|desktop&#8220; text_text_color_tablet=&#8220;&#8220; text_text_color_phone=&#8220;&#8220; text_text_color_last_edited=&#8220;on|desktop&#8220; text_font_size_tablet=&#8220;&#8220; text_font_size_phone=&#8220;15px&#8220; text_font_size_last_edited=&#8220;on|desktop&#8220; text_letter_spacing_tablet=&#8220;&#8220; text_letter_spacing_phone=&#8220;&#8220; text_letter_spacing_last_edited=&#8220;on|desktop&#8220; text_line_height_tablet=&#8220;&#8220; text_line_height_phone=&#8220;&#8220; text_line_height_last_edited=&#8220;on|desktop&#8220; header_2_font_size_tablet=&#8220;&#8220; header_2_font_size_phone=&#8220;30px&#8220; header_2_font_size_last_edited=&#8220;on|desktop&#8220; text_orientation_tablet=&#8220;&#8220; text_orientation_phone=&#8220;&#8220; text_orientation_last_edited=&#8220;on|desktop&#8220; background_layout_tablet=&#8220;&#8220; background_layout_phone=&#8220;&#8220; background_layout_last_edited=&#8220;on|desktop&#8220; module_alignment_tablet=&#8220;&#8220; module_alignment_phone=&#8220;&#8220; module_alignment_last_edited=&#8220;on|desktop&#8220; locked=&#8220;off&#8220; inline_fonts=&#8220;Charm&#8220; global_colors_info=&#8220;{}&#8220;]<\/p>\n<p><em>To kto som ja nie je a\u017e tak\u00e9 podstatn\u00e9, preto\u017ee ide o to \u010do odovzd\u00e1vam a <span style=\"text-decoration: underline;\">pravda ost\u00e1va pravdou \u010di ju ma v ruk\u00e1ch kr\u00e1\u013e, alebo poddan\u00fd<\/span>. Preto rad\u0161ej nap\u00ed\u0161em o tom, odkia\u013e poh\u00e1dza to, \u010do p\u00ed\u0161em a pre\u010do to rob\u00edm&#8230;<br \/><\/em><\/p>\n<p><strong>Odkia\u013e poch\u00e1dza to \u010do p\u00ed\u0161em?<\/strong><\/p>\n<p><em>To, \u010do p\u00ed\u0161em vych\u00e1dza priamo z du\u0161e. Texty si nevym\u00fd\u0161\u013eam, ale to \u010do m\u00e1m vn\u00fatorne pre\u017eit\u00e9 zaoba\u013eujem do slov a odovzd\u00e1vam \u010falej. Samozrejme, \u017ee sa to v\u0161etko nezrodilo vo mne len tak a okrem vlastn\u00e9ho c\u00edtenia som to h\u013eadal cez slovo, ktor\u00e9 bolo \u013eudstvu dan\u00e9 ako cesta k sp\u00e1se. Len\u017ee ten text mus\u00ed by\u0165 rovnako prec\u00edten\u00fd a \u010dlovek sa s n\u00edm mus\u00ed z\u017ei\u0165, preto\u017ee <span style=\"text-decoration: underline;\">slovo Bo\u017eie je \u017eiv\u00e9!<\/span> To znamen\u00e1, \u017ee slovo sa ned\u00e1 pochopi\u0165 pas\u00edvnym \u010d\u00edtan\u00edm, ale akt\u00edvnym pre\u017eit\u00edm v sebe. Intu\u00edcia je jedin\u00e1 opora a najv\u00e4\u010d\u0161\u00ed poklad \u010dloveka v tomto byt\u00ed. V posledn\u00fdch rokoch sa roztrhlo vrece s duchovn\u00fdmi textami, no len miziv\u00e9 percento z t\u00fdchto textov je p\u00edsan\u00e9 skuto\u010dne v pravde, teda je osloboden\u00e9 od \u013eudskej dom\u00fd\u0161\u013eavosti. Hoc je v t\u00fdch textoch aj 90% pravdy, st\u00e1le je to zav\u00e1dzaj\u00face slovo, preto\u017ee \u010dlovek s pravdou prij\u00edma aj t\u00fa lo\u017e, ktor\u00e1 mu dok\u00e1\u017ee poriadne znepr\u00edjemni\u0165 cestu k poznaniu a dokonca ho od nej aj odstavi\u0165, ak nie je ochotn\u00fd sa vzda\u0165 takto nadobudnut\u00fdch myln\u00fdch presved\u010den\u00ed. <br \/><\/em><\/p>\n<p><strong><em>Ako som nadobudol poznanie?<\/em><\/strong><\/p>\n<p><em>Svoje poznanie som nadobudol vn\u00fatorn\u00fdm dozrievan\u00edm a to hlavne extr\u00e9mnou boles\u0165ou. Za\u017eil som to\u013eko bolesti ak\u00fa som si ani nemyslel, \u017ee je \u013eudsk\u00e1 bytos\u0165 schopn\u00e1 za\u017ei\u0165. Cez boles\u0165 z vlastnej existencie a\u017e po stavy du\u0161e mimo tela. Temnota m\u00e1 v\u017edy z\u00e1ujem o svetl\u00e9 du\u0161e a o t\u00fa moju du\u0161u pilne bojuje u\u017e roky. Aj ke\u010f to bolo odporn\u00e9 obdobie a v podstate mi to um\u0155tvilo v\u0161etky pekn\u00e9 spomienky a zobralo ve\u013ek\u00fd kus \u017eivota, v\u010faka tomu v\u0161etk\u00e9mu som bol schopn\u00fd dozrie\u0165 za nieko\u013eko kr\u00e1tkych rokov, \u010do by mi inak trvalo podstatne dlh\u0161ie. Pribli\u017ene v polovici tohto temn\u00e9ho obdobia som na\u0161iel \u010dloveka, ktor\u00fd mi uk\u00e1zal, vysvetlil a priviedol ma k Bohu. Odvtedy som za\u010dal s temnotou akt\u00edvny boj, preto\u017ee som u\u017e vedel ako a t\u00fdmto bojom sa z tej v\u0161etkej bolesti zrodilo nie\u010do v\u00fdnimo\u010dn\u00e9. <span style=\"text-decoration: underline;\">\u010clovek v\u017edy najviac vn\u00fatorne z\u00edska pr\u00e1ve t\u00fdmi \u0165a\u017ek\u00fdmi chv\u00ed\u013eami<\/span>.<br \/><\/em><\/p>\n<p><strong>Pre\u010do p\u00ed\u0161em?<\/strong><\/p>\n<p><em>P\u00ed\u0161em jednoducho preto, preto\u017ee vn\u00fatorne inak nem\u00f4\u017eem. To, \u010do m\u00e1m pre\u017eit\u00e9 mus\u00edm odovzda\u0165 \u010falej, inak by to cel\u00e9 nemalo zmysel. Boh by si ma vybral zbyto\u010dne. <span style=\"text-decoration: underline;\">\u010clovek, ktor\u00fd m\u00e1 pre\u017eit\u00fa pravdu je povinn\u00fd ju odovzda\u0165 \u010fal\u0161\u00edm h\u013eadaj\u00facim.<\/span><\/em><\/p>\n<p><em>P\u00ed\u0161em, preto\u017ee m\u00e1m to po\u017eehnanie pi\u0165 z pr\u00fadu pravdy, m\u00e1m tie veci pre\u017eit\u00e9, neust\u00e1le h\u013ead\u00e1m, pozorujem, vn\u00edmam, preci\u0165ujem&#8230;Jednoducho sa neust\u00e1le sna\u017e\u00edm nie len udr\u017ea\u0165 tam, kde som, ale \u0165aha\u0165 sa hore za svetlom. Sna\u017e\u00edm sa jednoducho prispie\u0165 k duchovnej prebudenosti \u013eudstva, preto\u017ee aj ke\u010f si to mnoh\u00ed neuvedomuj\u00fa, nach\u00e1dzame sa na d\u00f4le\u017eitej kri\u017eovatke \u013eudsk\u00e9ho v\u00fdvoja a s\u00favis\u00ed to pr\u00e1ve s duchovnou zrelos\u0165ou.<br \/><\/em><\/p>\n<p><em>V tejto chv\u00edli prebieha ve\u013ek\u00fd prerod \u013eudstva, a preto je mnoho tak\u00fdch, ktor\u00ed s\u00fa strategicky rozmiestnen\u00ed po celom svete, aby \u0161\u00edrili pravdu a pozdvihovali vibr\u00e1cie Zeme. S\u00fa to t\u00ed, ktor\u00ed zakotvuj\u00fa Bo\u017eiu pravdu a spravodlivos\u0165 na Zemi, a t\u00fdm buduj\u00fa nov\u00e9 duchovnej\u0161ie, vedomej\u0161ie pokolenie. Preto chcem aj ja k tomu prispie\u0165 a vyt\u00fd\u010di\u0165 smer, ktor\u00fdm by sa \u013eudsk\u00e1 du\u0161a mala ubera\u0165, preto\u017ee to m\u00e1 spr\u00e1vne pochopen\u00e9 len m\u00e1lo \u013eud\u00ed.<br \/><\/em><\/p>\n<p><em>\u010coraz viac \u013eud\u00ed c\u00edti, \u017ee im nie\u010do ch\u00fdba a h\u013eadaj\u00fa to. Postupne sa mnoh\u00fdm otriasa \u017eivot v z\u00e1kladoch, ich viera a presved\u010denia im nesta\u010dia a c\u00edtia, \u017ee potrebuj\u00fa nie\u010do viac. Potrebuj\u00fa prav\u00e9 poznanie Boha, potrebuj\u00fa duchovn\u00fa ob\u017eivu a najlep\u0161ia pr\u00edle\u017eitos\u0165 to n\u00e1js\u0165 je cez r\u00f4znych \u013eud\u00ed, ktor\u00ed t\u00fdm boli poveren\u00ed. \u017dia\u013e aj mnoh\u00ed z t\u00fdchto sklamali a nechopili sa spr\u00e1vne svojej \u00falohy. Nie ka\u017ed\u00fd, kto vyhlasuje, \u017ee \u017eije s Bohom s n\u00edm aj skuto\u010dne a spr\u00e1vne \u017eije! <span style=\"text-decoration: underline;\">Preto bu\u010fte neust\u00e1le bdel\u00ed na ceste h\u013eadania, na ceste duchovn\u00e9ho prebudenia. Neverte slepo v\u0161etk\u00e9mu \u010do znie pekne, preto\u017ee \u010dastokr\u00e1t to m\u00e1 len pekn\u00fd obal, no vn\u00fatri to pekne smrd\u00ed!<\/span><\/em><\/p>\n<p><em><span style=\"text-decoration: underline;\"><\/span><\/em><\/p>\n<p><strong><span style=\"font-size: x-large; font-family: Charm;\">Daniel<\/span><\/strong><\/p>\n<p>[\/et_pb_text][\/et_pb_column][et_pb_column type=&#8220;2_5&#8243; _builder_version=&#8220;4.3.2&#8243; global_colors_info=&#8220;{}&#8220;][et_pb_image src=&#8220;http:\/\/duchovneposolstva.sk\/wp-content\/uploads\/2021\/09\/photo_2021-09-14_19-37-07_auto_x2s.jpg&#8220; title_text=&#8220;photo_2021-09-14_19-37-07_auto_x2s&#8220; _builder_version=&#8220;4.10.7&#8243; global_colors_info=&#8220;{}&#8220;][\/et_pb_image][\/et_pb_column][\/et_pb_row][\/et_pb_section]<\/p>\n","protected":false},"excerpt":{"rendered":"<p>Kto som?To kto som ja nie je a\u017e tak\u00e9 podstatn\u00e9, preto\u017ee ide o to \u010do odovzd\u00e1vam a pravda ost\u00e1va pravdou \u010di ju ma v ruk\u00e1ch kr\u00e1\u013e, alebo poddan\u00fd. Preto rad\u0161ej nap\u00ed\u0161em o tom, odkia\u013e poh\u00e1dza to, \u010do p\u00ed\u0161em a pre\u010do to rob\u00edm&#8230; Odkia\u013e poch\u00e1dza to \u010do p\u00ed\u0161em? To, \u010do p\u00ed\u0161em vych\u00e1dza priamo z du\u0161e. Texty [&hellip;]<\/p>\n","protected":false},"author":1,"featured_media":0,"parent":0,"menu_order":0,"comment_status":"closed","ping_status":"closed","template":"","meta":{"_et_pb_use_builder":"on","_et_pb_old_content":"","_et_gb_content_width":"","footnotes":""},"class_list":["post-81","page","type-page","status-publish","hentry"],"yoast_head":"<!-- This site is optimized with the Yoast SEO plugin v23.3 - https:\/\/yoast.com\/wordpress\/plugins\/seo\/ -->\n<title>O mne - duchovneposolstva.sk<\/title>\n<meta name=\"robots\" content=\"index, follow, max-snippet:-1, max-image-preview:large, max-video-preview:-1\" \/>\n<link rel=\"canonical\" href=\"https:\/\/duchovneposolstva.sk\/?page_id=81\" \/>\n<meta property=\"og:locale\" content=\"sk_SK\" \/>\n<meta property=\"og:type\" content=\"article\" \/>\n<meta property=\"og:title\" content=\"O mne - duchovneposolstva.sk\" \/>\n<meta property=\"og:description\" content=\"Kto som?To kto som ja nie je a\u017e tak\u00e9 podstatn\u00e9, preto\u017ee ide o to \u010do odovzd\u00e1vam a pravda ost\u00e1va pravdou \u010di ju ma v ruk\u00e1ch kr\u00e1\u013e, alebo poddan\u00fd. Preto rad\u0161ej nap\u00ed\u0161em o tom, odkia\u013e poh\u00e1dza to, \u010do p\u00ed\u0161em a pre\u010do to rob\u00edm... Odkia\u013e poch\u00e1dza to \u010do p\u00ed\u0161em? To, \u010do p\u00ed\u0161em vych\u00e1dza priamo z du\u0161e. Texty [&hellip;]\" \/>\n<meta property=\"og:url\" content=\"https:\/\/duchovneposolstva.sk\/?page_id=81\" \/>\n<meta property=\"og:site_name\" content=\"duchovneposolstva.sk\" \/>\n<meta property=\"article:modified_time\" content=\"2021-09-18T09:42:48+00:00\" \/>\n<meta name=\"twitter:card\" content=\"summary_large_image\" \/>\n<meta name=\"twitter:label1\" content=\"Predpokladan\u00fd \u010das \u010d\u00edtania\" \/>\n\t<meta name=\"twitter:data1\" content=\"8 min\u00fat\" \/>\n<script type=\"application\/ld+json\" class=\"yoast-schema-graph\">{\"@context\":\"https:\/\/schema.org\",\"@graph\":[{\"@type\":\"WebPage\",\"@id\":\"https:\/\/duchovneposolstva.sk\/?page_id=81\",\"url\":\"https:\/\/duchovneposolstva.sk\/?page_id=81\",\"name\":\"O mne - duchovneposolstva.sk\",\"isPartOf\":{\"@id\":\"https:\/\/duchovneposolstva.sk\/#website\"},\"datePublished\":\"2021-09-14T06:36:20+00:00\",\"dateModified\":\"2021-09-18T09:42:48+00:00\",\"breadcrumb\":{\"@id\":\"https:\/\/duchovneposolstva.sk\/?page_id=81#breadcrumb\"},\"inLanguage\":\"sk-SK\",\"potentialAction\":[{\"@type\":\"ReadAction\",\"target\":[\"https:\/\/duchovneposolstva.sk\/?page_id=81\"]}]},{\"@type\":\"BreadcrumbList\",\"@id\":\"https:\/\/duchovneposolstva.sk\/?page_id=81#breadcrumb\",\"itemListElement\":[{\"@type\":\"ListItem\",\"position\":1,\"name\":\"Domovsk\u00e1 str\u00e1nka\",\"item\":\"https:\/\/duchovneposolstva.sk\/\"},{\"@type\":\"ListItem\",\"position\":2,\"name\":\"O mne\"}]},{\"@type\":\"WebSite\",\"@id\":\"https:\/\/duchovneposolstva.sk\/#website\",\"url\":\"https:\/\/duchovneposolstva.sk\/\",\"name\":\"duchovneposolstva.sk\",\"description\":\"Duchovn\u00e9 posolstv\u00e1 pre du\u0161u\",\"potentialAction\":[{\"@type\":\"SearchAction\",\"target\":{\"@type\":\"EntryPoint\",\"urlTemplate\":\"https:\/\/duchovneposolstva.sk\/?s={search_term_string}\"},\"query-input\":\"required name=search_term_string\"}],\"inLanguage\":\"sk-SK\"}]}<\/script>\n<!-- \/ Yoast SEO plugin. -->","yoast_head_json":{"title":"O mne - duchovneposolstva.sk","robots":{"index":"index","follow":"follow","max-snippet":"max-snippet:-1","max-image-preview":"max-image-preview:large","max-video-preview":"max-video-preview:-1"},"canonical":"https:\/\/duchovneposolstva.sk\/?page_id=81","og_locale":"sk_SK","og_type":"article","og_title":"O mne - duchovneposolstva.sk","og_description":"Kto som?To kto som ja nie je a\u017e tak\u00e9 podstatn\u00e9, preto\u017ee ide o to \u010do odovzd\u00e1vam a pravda ost\u00e1va pravdou \u010di ju ma v ruk\u00e1ch kr\u00e1\u013e, alebo poddan\u00fd. Preto rad\u0161ej nap\u00ed\u0161em o tom, odkia\u013e poh\u00e1dza to, \u010do p\u00ed\u0161em a pre\u010do to rob\u00edm... Odkia\u013e poch\u00e1dza to \u010do p\u00ed\u0161em? To, \u010do p\u00ed\u0161em vych\u00e1dza priamo z du\u0161e. Texty [&hellip;]","og_url":"https:\/\/duchovneposolstva.sk\/?page_id=81","og_site_name":"duchovneposolstva.sk","article_modified_time":"2021-09-18T09:42:48+00:00","twitter_card":"summary_large_image","twitter_misc":{"Predpokladan\u00fd \u010das \u010d\u00edtania":"8 min\u00fat"},"schema":{"@context":"https:\/\/schema.org","@graph":[{"@type":"WebPage","@id":"https:\/\/duchovneposolstva.sk\/?page_id=81","url":"https:\/\/duchovneposolstva.sk\/?page_id=81","name":"O mne - duchovneposolstva.sk","isPartOf":{"@id":"https:\/\/duchovneposolstva.sk\/#website"},"datePublished":"2021-09-14T06:36:20+00:00","dateModified":"2021-09-18T09:42:48+00:00","breadcrumb":{"@id":"https:\/\/duchovneposolstva.sk\/?page_id=81#breadcrumb"},"inLanguage":"sk-SK","potentialAction":[{"@type":"ReadAction","target":["https:\/\/duchovneposolstva.sk\/?page_id=81"]}]},{"@type":"BreadcrumbList","@id":"https:\/\/duchovneposolstva.sk\/?page_id=81#breadcrumb","itemListElement":[{"@type":"ListItem","position":1,"name":"Domovsk\u00e1 str\u00e1nka","item":"https:\/\/duchovneposolstva.sk\/"},{"@type":"ListItem","position":2,"name":"O mne"}]},{"@type":"WebSite","@id":"https:\/\/duchovneposolstva.sk\/#website","url":"https:\/\/duchovneposolstva.sk\/","name":"duchovneposolstva.sk","description":"Duchovn\u00e9 posolstv\u00e1 pre du\u0161u","potentialAction":[{"@type":"SearchAction","target":{"@type":"EntryPoint","urlTemplate":"https:\/\/duchovneposolstva.sk\/?s={search_term_string}"},"query-input":"required name=search_term_string"}],"inLanguage":"sk-SK"}]}},"jetpack_sharing_enabled":true,"_links":{"self":[{"href":"https:\/\/duchovneposolstva.sk\/index.php?rest_route=\/wp\/v2\/pages\/81","targetHints":{"allow":["GET"]}}],"collection":[{"href":"https:\/\/duchovneposolstva.sk\/index.php?rest_route=\/wp\/v2\/pages"}],"about":[{"href":"https:\/\/duchovneposolstva.sk\/index.php?rest_route=\/wp\/v2\/types\/page"}],"author":[{"embeddable":true,"href":"https:\/\/duchovneposolstva.sk\/index.php?rest_route=\/wp\/v2\/users\/1"}],"replies":[{"embeddable":true,"href":"https:\/\/duchovneposolstva.sk\/index.php?rest_route=%2Fwp%2Fv2%2Fcomments&post=81"}],"version-history":[{"count":17,"href":"https:\/\/duchovneposolstva.sk\/index.php?rest_route=\/wp\/v2\/pages\/81\/revisions"}],"predecessor-version":[{"id":19424,"href":"https:\/\/duchovneposolstva.sk\/index.php?rest_route=\/wp\/v2\/pages\/81\/revisions\/19424"}],"wp:attachment":[{"href":"https:\/\/duchovneposolstva.sk\/index.php?rest_route=%2Fwp%2Fv2%2Fmedia&parent=81"}],"curies":[{"name":"wp","href":"https:\/\/api.w.org\/{rel}","templated":true}]}}